{"id":22639,"date":"2021-02-01T12:53:00","date_gmt":"2021-02-01T12:53:00","guid":{"rendered":"https:\/\/www.ii.com.tr\/hakkimizda\/"},"modified":"2025-05-31T20:48:28","modified_gmt":"2025-05-31T20:48:28","slug":"hakkimizda","status":"publish","type":"page","link":"https:\/\/www.ii.com.tr\/en\/hakkimizda\/","title":{"rendered":"About Us"},"content":{"rendered":"\t\t<div data-elementor-type=\"wp-page\" data-elementor-id=\"22639\" class=\"elementor elementor-22639\" data-elementor-post-type=\"page\">\n\t\t\t\t\t\t<section class=\"elementor-section elementor-top-section elementor-element elementor-element-edd83b2 elementor-section-boxed elementor-section-height-default elementor-section-height-default sc_fly_static\" data-id=\"edd83b2\" data-element_type=\"section\">\n\t\t\t\t\t\t<div class=\"elementor-container elementor-column-gap-extended\">\n\t\t\t\t\t<div class=\"elementor-column elementor-col-100 elementor-top-column elementor-element elementor-element-ed405cc sc_content_align_inherit sc_layouts_column_icons_position_left sc_fly_static\" data-id=\"ed405cc\" data-element_type=\"column\">\n\t\t\t<div class=\"elementor-widget-wrap elementor-element-populated\">\n\t\t\t\t\t\t<div class=\"elementor-element elementor-element-4d2fc85 sc_height_huge sc_fly_static elementor-widget elementor-widget-spacer\" data-id=\"4d2fc85\" data-element_type=\"widget\" data-widget_type=\"spacer.default\">\n\t\t\t\t<div class=\"elementor-widget-container\">\n\t\t\t\t\t\t\t<div class=\"elementor-spacer\">\n\t\t\t<div class=\"elementor-spacer-inner\"><\/div>\n\t\t<\/div>\n\t\t\t\t\t\t<\/div>\n\t\t\t\t<\/div>\n\t\t\t\t\t<\/div>\n\t\t<\/div>\n\t\t\t\t\t<\/div>\n\t\t<\/section>\n\t\t\t\t<section class=\"elementor-section elementor-top-section elementor-element elementor-element-5555569 elementor-section-boxed elementor-section-height-default elementor-section-height-default sc_fly_static\" data-id=\"5555569\" data-element_type=\"section\" data-settings=\"{&quot;background_background&quot;:&quot;classic&quot;}\">\n\t\t\t\t\t\t<div class=\"elementor-container elementor-column-gap-extended\">\n\t\t\t\t\t<div class=\"elementor-column elementor-col-100 elementor-top-column elementor-element elementor-element-4c9bb5f sc_content_align_inherit sc_layouts_column_icons_position_left sc_fly_static\" data-id=\"4c9bb5f\" data-element_type=\"column\">\n\t\t\t<div class=\"elementor-widget-wrap elementor-element-populated\">\n\t\t\t\t\t\t<div class=\"elementor-element elementor-element-2f289c8 sc_height_huge sc_fly_static elementor-widget elementor-widget-spacer\" data-id=\"2f289c8\" data-element_type=\"widget\" data-widget_type=\"spacer.default\">\n\t\t\t\t<div class=\"elementor-widget-container\">\n\t\t\t\t\t\t\t<div class=\"elementor-spacer\">\n\t\t\t<div class=\"elementor-spacer-inner\"><\/div>\n\t\t<\/div>\n\t\t\t\t\t\t<\/div>\n\t\t\t\t<\/div>\n\t\t\t\t\t<\/div>\n\t\t<\/div>\n\t\t\t\t\t<\/div>\n\t\t<\/section>\n\t\t\t\t<section class=\"elementor-section elementor-top-section elementor-element elementor-element-3da1114 elementor-section-boxed elementor-section-height-default elementor-section-height-default sc_fly_static\" data-id=\"3da1114\" data-element_type=\"section\" data-settings=\"{&quot;background_background&quot;:&quot;classic&quot;}\">\n\t\t\t\t\t\t<div class=\"elementor-container elementor-column-gap-extended\">\n\t\t\t\t\t<div class=\"elementor-column elementor-col-50 elementor-top-column elementor-element elementor-element-7334f61 sc_content_align_inherit sc_layouts_column_icons_position_left sc_fly_static\" data-id=\"7334f61\" data-element_type=\"column\">\n\t\t\t<div class=\"elementor-widget-wrap elementor-element-populated\">\n\t\t\t\t\t\t<div class=\"elementor-element elementor-element-f15cdd7 elementor-widget__width-initial sc_fly_static elementor-widget elementor-widget-trx_sc_title\" data-id=\"f15cdd7\" data-element_type=\"widget\" data-widget_type=\"trx_sc_title.default\">\n\t\t\t\t<div class=\"elementor-widget-container\">\n\t\t\t\t\t<div\t\tclass=\"sc_title sc_title_default\" ><h3 class=\"sc_item_title sc_title_title sc_item_title_style_default sc_item_title_tag\"\n\t\t\t><span class=\"sc_item_title_text\">Choose Istanbul \u0130la\u00e7 for a healthy life, <br>Secure your future.<\/span><\/h3><\/div>\t\t\t\t<\/div>\n\t\t\t\t<\/div>\n\t\t\t\t<section class=\"elementor-section elementor-inner-section elementor-element elementor-element-2df2f35 elementor-section-boxed elementor-section-height-default elementor-section-height-default sc_fly_static\" data-id=\"2df2f35\" data-element_type=\"section\">\n\t\t\t\t\t\t<div class=\"elementor-container elementor-column-gap-no\">\n\t\t\t\t\t<div class=\"elementor-column elementor-col-33 elementor-inner-column elementor-element elementor-element-6bdac56 sc_content_align_inherit sc_layouts_column_icons_position_left sc_fly_static\" data-id=\"6bdac56\" data-element_type=\"column\">\n\t\t\t<div class=\"elementor-widget-wrap\">\n\t\t\t\t\t\t\t<\/div>\n\t\t<\/div>\n\t\t\t\t<div class=\"elementor-column elementor-col-66 elementor-inner-column elementor-element elementor-element-7a7a5e7 sc_content_align_inherit sc_layouts_column_icons_position_left sc_fly_static\" data-id=\"7a7a5e7\" data-element_type=\"column\">\n\t\t\t<div class=\"elementor-widget-wrap elementor-element-populated\">\n\t\t\t\t\t\t<div class=\"elementor-element elementor-element-23f0606 sc_height_medium sc_fly_static elementor-widget elementor-widget-spacer\" data-id=\"23f0606\" data-element_type=\"widget\" data-widget_type=\"spacer.default\">\n\t\t\t\t<div class=\"elementor-widget-container\">\n\t\t\t\t\t\t\t<div class=\"elementor-spacer\">\n\t\t\t<div class=\"elementor-spacer-inner\"><\/div>\n\t\t<\/div>\n\t\t\t\t\t\t<\/div>\n\t\t\t\t<\/div>\n\t\t\t\t<div class=\"elementor-element elementor-element-74e7d25 sc_layouts_hide_on_mobile sc_layouts_hide_on_tablet sc_fly_static elementor-widget elementor-widget-spacer\" data-id=\"74e7d25\" data-element_type=\"widget\" data-widget_type=\"spacer.default\">\n\t\t\t\t<div class=\"elementor-widget-container\">\n\t\t\t\t\t\t\t<div class=\"elementor-spacer\">\n\t\t\t<div class=\"elementor-spacer-inner\"><\/div>\n\t\t<\/div>\n\t\t\t\t\t\t<\/div>\n\t\t\t\t<\/div>\n\t\t\t\t<div class=\"elementor-element elementor-element-2c9d3af no-title sc_fly_static elementor-widget elementor-widget-image\" data-id=\"2c9d3af\" data-element_type=\"widget\" data-widget_type=\"image.default\">\n\t\t\t\t<div class=\"elementor-widget-container\">\n\t\t\t\t\t\t\t\t\t\t\t\t\t\t\t<img decoding=\"async\" src=\"https:\/\/www.ii.com.tr\/wp-content\/uploads\/elementor\/thumbs\/research-r95c90xxg1qv3lhidpmtwocmo6yea1j9cec6x0j7hs.jpg\" title=\"research\" alt=\"research\" loading=\"lazy\" \/>\t\t\t\t\t\t\t\t\t\t\t\t\t\t\t<\/div>\n\t\t\t\t<\/div>\n\t\t\t\t\t<\/div>\n\t\t<\/div>\n\t\t\t\t\t<\/div>\n\t\t<\/section>\n\t\t\t\t\t<\/div>\n\t\t<\/div>\n\t\t\t\t<div class=\"elementor-column elementor-col-50 elementor-top-column elementor-element elementor-element-21ee26f sc_content_align_inherit sc_layouts_column_icons_position_left sc_fly_static\" data-id=\"21ee26f\" data-element_type=\"column\">\n\t\t\t<div class=\"elementor-widget-wrap elementor-element-populated\">\n\t\t\t\t\t\t<div class=\"elementor-element elementor-element-1a72b22 no-title sc_fly_static elementor-widget elementor-widget-image\" data-id=\"1a72b22\" data-element_type=\"widget\" data-widget_type=\"image.default\">\n\t\t\t\t<div class=\"elementor-widget-container\">\n\t\t\t\t\t\t\t\t\t\t\t\t\t\t\t<img decoding=\"async\" src=\"https:\/\/www.ii.com.tr\/wp-content\/uploads\/elementor\/thumbs\/coronavirus-covid-19-image-set-banner-concept-prevention-information_31965-13729-r95c88qtc13anh68ku4x11z9kqsgs6uuz8cejf4q2o.avif\" title=\"coronavirus-covid-19-image-set-banner-concept-prevention-information_31965-13729\" alt=\"coronavirus-covid-19-image-set-banner-concept-prevention-information_31965-13729\" loading=\"lazy\" \/>\t\t\t\t\t\t\t\t\t\t\t\t\t\t\t<\/div>\n\t\t\t\t<\/div>\n\t\t\t\t<div class=\"elementor-element elementor-element-546610d sc_height_medium sc_fly_static elementor-widget elementor-widget-spacer\" data-id=\"546610d\" data-element_type=\"widget\" data-widget_type=\"spacer.default\">\n\t\t\t\t<div class=\"elementor-widget-container\">\n\t\t\t\t\t\t\t<div class=\"elementor-spacer\">\n\t\t\t<div class=\"elementor-spacer-inner\"><\/div>\n\t\t<\/div>\n\t\t\t\t\t\t<\/div>\n\t\t\t\t<\/div>\n\t\t\t\t<div class=\"elementor-element elementor-element-c9f80d0 sc_fly_static elementor-widget elementor-widget-text-editor\" data-id=\"c9f80d0\" data-element_type=\"widget\" data-widget_type=\"text-editor.default\">\n\t\t\t\t<div class=\"elementor-widget-container\">\n\t\t\t\t\t\t\t\t\t<p>As \u0130stanbul \u0130la\u00e7, we prioritize human health above all else and aim to offer quality products with this responsibility. Thanks to our high production standards, innovative approach and strong R&amp;D infrastructure, we continue to be a reliable business partner in the health sector.<\/p><p>In order to contribute to the healthy future of society, we offer medicines that appeal to every age group with our wide range of products. By prioritizing quality in all our production processes, we develop solutions based on scientific data and follow the latest innovations in the sector.<\/p><p>\u0130stanbul \u0130la\u00e7 always prioritizes customer satisfaction and safety, while continuing to contribute to society in terms of health. With our knowledge and experience in the field of health, we work to offer you safe, effective and quality products at every step.<\/p>\t\t\t\t\t\t\t\t<\/div>\n\t\t\t\t<\/div>\n\t\t\t\t\t<\/div>\n\t\t<\/div>\n\t\t\t\t\t<\/div>\n\t\t<\/section>\n\t\t\t\t<section class=\"elementor-section elementor-top-section elementor-element elementor-element-4cf3338 elementor-section-boxed elementor-section-height-default elementor-section-height-default sc_fly_static\" data-id=\"4cf3338\" data-element_type=\"section\" data-settings=\"{&quot;background_background&quot;:&quot;classic&quot;}\">\n\t\t\t\t\t\t<div class=\"elementor-container elementor-column-gap-extended\">\n\t\t\t\t\t<div class=\"elementor-column elementor-col-100 elementor-top-column elementor-element elementor-element-8903a00 sc_content_align_inherit sc_layouts_column_icons_position_left sc_fly_static\" data-id=\"8903a00\" data-element_type=\"column\">\n\t\t\t<div class=\"elementor-widget-wrap elementor-element-populated\">\n\t\t\t\t\t\t<div class=\"elementor-element elementor-element-83fc22f sc_height_huge sc_fly_static elementor-widget elementor-widget-spacer\" data-id=\"83fc22f\" data-element_type=\"widget\" data-widget_type=\"spacer.default\">\n\t\t\t\t<div class=\"elementor-widget-container\">\n\t\t\t\t\t\t\t<div class=\"elementor-spacer\">\n\t\t\t<div class=\"elementor-spacer-inner\"><\/div>\n\t\t<\/div>\n\t\t\t\t\t\t<\/div>\n\t\t\t\t<\/div>\n\t\t\t\t\t<\/div>\n\t\t<\/div>\n\t\t\t\t\t<\/div>\n\t\t<\/section>\n\t\t\t\t<\/div>\n\t\t","protected":false},"excerpt":{"rendered":"<p>Choose Istanbul \u0130la\u00e7 for a healthy life, Secure your future. As \u0130stanbul \u0130la\u00e7, we prioritize human health above all else and aim to offer quality products with this responsibility. Thanks&hellip;<\/p>\n","protected":false},"author":1,"featured_media":0,"parent":0,"menu_order":0,"comment_status":"closed","ping_status":"closed","template":"","meta":{"footnotes":""},"class_list":["post-22639","page","type-page","status-publish","hentry"],"_links":{"self":[{"href":"https:\/\/www.ii.com.tr\/en\/wp-json\/wp\/v2\/pages\/22639","targetHints":{"allow":["GET"]}}],"collection":[{"href":"https:\/\/www.ii.com.tr\/en\/wp-json\/wp\/v2\/pages"}],"about":[{"href":"https:\/\/www.ii.com.tr\/en\/wp-json\/wp\/v2\/types\/page"}],"author":[{"embeddable":true,"href":"https:\/\/www.ii.com.tr\/en\/wp-json\/wp\/v2\/users\/1"}],"replies":[{"embeddable":true,"href":"https:\/\/www.ii.com.tr\/en\/wp-json\/wp\/v2\/comments?post=22639"}],"version-history":[{"count":7,"href":"https:\/\/www.ii.com.tr\/en\/wp-json\/wp\/v2\/pages\/22639\/revisions"}],"predecessor-version":[{"id":22646,"href":"https:\/\/www.ii.com.tr\/en\/wp-json\/wp\/v2\/pages\/22639\/revisions\/22646"}],"wp:attachment":[{"href":"https:\/\/www.ii.com.tr\/en\/wp-json\/wp\/v2\/media?parent=22639"}],"curies":[{"name":"wp","href":"https:\/\/api.w.org\/{rel}","templated":true}]}}