{"id":22638,"date":"2021-02-01T12:53:00","date_gmt":"2021-02-01T12:53:00","guid":{"rendered":"https:\/\/www.ii.com.tr\/hakkimizda\/"},"modified":"2025-05-31T22:03:36","modified_gmt":"2025-05-31T22:03:36","slug":"hakkimizda","status":"publish","type":"page","link":"https:\/\/www.ii.com.tr\/ar\/hakkimizda\/","title":{"rendered":"\u0646\u0628\u0630\u0629 \u0639\u0646\u0627"},"content":{"rendered":"\t\t<div data-elementor-type=\"wp-page\" data-elementor-id=\"22638\" class=\"elementor elementor-22638\" data-elementor-post-type=\"page\">\n\t\t\t\t\t\t<section class=\"elementor-section elementor-top-section elementor-element elementor-element-edd83b2 elementor-section-boxed elementor-section-height-default elementor-section-height-default sc_fly_static\" data-id=\"edd83b2\" data-element_type=\"section\">\n\t\t\t\t\t\t<div class=\"elementor-container elementor-column-gap-extended\">\n\t\t\t\t\t<div class=\"elementor-column elementor-col-100 elementor-top-column elementor-element elementor-element-ed405cc sc_content_align_inherit sc_layouts_column_icons_position_left sc_fly_static\" data-id=\"ed405cc\" data-element_type=\"column\">\n\t\t\t<div class=\"elementor-widget-wrap elementor-element-populated\">\n\t\t\t\t\t\t<div class=\"elementor-element elementor-element-4d2fc85 sc_height_huge sc_fly_static elementor-widget elementor-widget-spacer\" data-id=\"4d2fc85\" data-element_type=\"widget\" data-widget_type=\"spacer.default\">\n\t\t\t\t<div class=\"elementor-widget-container\">\n\t\t\t\t\t\t\t<div class=\"elementor-spacer\">\n\t\t\t<div class=\"elementor-spacer-inner\"><\/div>\n\t\t<\/div>\n\t\t\t\t\t\t<\/div>\n\t\t\t\t<\/div>\n\t\t\t\t\t<\/div>\n\t\t<\/div>\n\t\t\t\t\t<\/div>\n\t\t<\/section>\n\t\t\t\t<section class=\"elementor-section elementor-top-section elementor-element elementor-element-5555569 elementor-section-boxed elementor-section-height-default elementor-section-height-default sc_fly_static\" data-id=\"5555569\" data-element_type=\"section\" data-settings=\"{&quot;background_background&quot;:&quot;classic&quot;}\">\n\t\t\t\t\t\t<div class=\"elementor-container elementor-column-gap-extended\">\n\t\t\t\t\t<div class=\"elementor-column elementor-col-100 elementor-top-column elementor-element elementor-element-4c9bb5f sc_content_align_inherit sc_layouts_column_icons_position_left sc_fly_static\" data-id=\"4c9bb5f\" data-element_type=\"column\">\n\t\t\t<div class=\"elementor-widget-wrap elementor-element-populated\">\n\t\t\t\t\t\t<div class=\"elementor-element elementor-element-2f289c8 sc_height_huge sc_fly_static elementor-widget elementor-widget-spacer\" data-id=\"2f289c8\" data-element_type=\"widget\" data-widget_type=\"spacer.default\">\n\t\t\t\t<div class=\"elementor-widget-container\">\n\t\t\t\t\t\t\t<div class=\"elementor-spacer\">\n\t\t\t<div class=\"elementor-spacer-inner\"><\/div>\n\t\t<\/div>\n\t\t\t\t\t\t<\/div>\n\t\t\t\t<\/div>\n\t\t\t\t\t<\/div>\n\t\t<\/div>\n\t\t\t\t\t<\/div>\n\t\t<\/section>\n\t\t\t\t<section class=\"elementor-section elementor-top-section elementor-element elementor-element-3da1114 elementor-section-boxed elementor-section-height-default elementor-section-height-default sc_fly_static\" data-id=\"3da1114\" data-element_type=\"section\" data-settings=\"{&quot;background_background&quot;:&quot;classic&quot;}\">\n\t\t\t\t\t\t<div class=\"elementor-container elementor-column-gap-extended\">\n\t\t\t\t\t<div class=\"elementor-column elementor-col-50 elementor-top-column elementor-element elementor-element-7334f61 sc_content_align_inherit sc_layouts_column_icons_position_left sc_fly_static\" data-id=\"7334f61\" data-element_type=\"column\">\n\t\t\t<div class=\"elementor-widget-wrap elementor-element-populated\">\n\t\t\t\t\t\t<div class=\"elementor-element elementor-element-f15cdd7 elementor-widget__width-initial sc_fly_static elementor-widget elementor-widget-trx_sc_title\" data-id=\"f15cdd7\" data-element_type=\"widget\" data-widget_type=\"trx_sc_title.default\">\n\t\t\t\t<div class=\"elementor-widget-container\">\n\t\t\t\t\t<div\t\tclass=\"sc_title sc_title_default\" ><h3 class=\"sc_item_title sc_title_title sc_item_title_style_default sc_item_title_tag\"\n\t\t\t><span class=\"sc_item_title_text\">\u0627\u062e\u062a\u0631 \u0130stanbul \u0130la\u00e7 \u0645\u0646 \u0623\u062c\u0644 \u062d\u064a\u0627\u0629 \u0635\u062d\u064a\u0629\u060c \u0648\u0627\u0636\u0645\u0646 \u0645\u0633\u062a\u0642\u0628\u0644\u0643 \u0628\u0623\u0645\u0627\u0646.\n<\/span><\/h3><\/div>\t\t\t\t<\/div>\n\t\t\t\t<\/div>\n\t\t\t\t<section class=\"elementor-section elementor-inner-section elementor-element elementor-element-2df2f35 elementor-section-boxed elementor-section-height-default elementor-section-height-default sc_fly_static\" data-id=\"2df2f35\" data-element_type=\"section\">\n\t\t\t\t\t\t<div class=\"elementor-container elementor-column-gap-no\">\n\t\t\t\t\t<div class=\"elementor-column elementor-col-33 elementor-inner-column elementor-element elementor-element-6bdac56 sc_content_align_inherit sc_layouts_column_icons_position_left sc_fly_static\" data-id=\"6bdac56\" data-element_type=\"column\">\n\t\t\t<div class=\"elementor-widget-wrap\">\n\t\t\t\t\t\t\t<\/div>\n\t\t<\/div>\n\t\t\t\t<div class=\"elementor-column elementor-col-66 elementor-inner-column elementor-element elementor-element-7a7a5e7 sc_content_align_inherit sc_layouts_column_icons_position_left sc_fly_static\" data-id=\"7a7a5e7\" data-element_type=\"column\">\n\t\t\t<div class=\"elementor-widget-wrap elementor-element-populated\">\n\t\t\t\t\t\t<div class=\"elementor-element elementor-element-23f0606 sc_height_medium sc_fly_static elementor-widget elementor-widget-spacer\" data-id=\"23f0606\" data-element_type=\"widget\" data-widget_type=\"spacer.default\">\n\t\t\t\t<div class=\"elementor-widget-container\">\n\t\t\t\t\t\t\t<div class=\"elementor-spacer\">\n\t\t\t<div class=\"elementor-spacer-inner\"><\/div>\n\t\t<\/div>\n\t\t\t\t\t\t<\/div>\n\t\t\t\t<\/div>\n\t\t\t\t<div class=\"elementor-element elementor-element-74e7d25 sc_layouts_hide_on_mobile sc_layouts_hide_on_tablet sc_fly_static elementor-widget elementor-widget-spacer\" data-id=\"74e7d25\" data-element_type=\"widget\" data-widget_type=\"spacer.default\">\n\t\t\t\t<div class=\"elementor-widget-container\">\n\t\t\t\t\t\t\t<div class=\"elementor-spacer\">\n\t\t\t<div class=\"elementor-spacer-inner\"><\/div>\n\t\t<\/div>\n\t\t\t\t\t\t<\/div>\n\t\t\t\t<\/div>\n\t\t\t\t<div class=\"elementor-element elementor-element-2c9d3af no-title sc_fly_static elementor-widget elementor-widget-image\" data-id=\"2c9d3af\" data-element_type=\"widget\" data-widget_type=\"image.default\">\n\t\t\t\t<div class=\"elementor-widget-container\">\n\t\t\t\t\t\t\t\t\t\t\t\t\t\t\t<img decoding=\"async\" src=\"https:\/\/www.ii.com.tr\/wp-content\/uploads\/elementor\/thumbs\/research-r95c90xxg1qv3lhidpmtwocmo6yea1j9cec6x0j7hs.jpg\" title=\"research\" alt=\"research\" loading=\"lazy\" \/>\t\t\t\t\t\t\t\t\t\t\t\t\t\t\t<\/div>\n\t\t\t\t<\/div>\n\t\t\t\t\t<\/div>\n\t\t<\/div>\n\t\t\t\t\t<\/div>\n\t\t<\/section>\n\t\t\t\t\t<\/div>\n\t\t<\/div>\n\t\t\t\t<div class=\"elementor-column elementor-col-50 elementor-top-column elementor-element elementor-element-21ee26f sc_content_align_inherit sc_layouts_column_icons_position_left sc_fly_static\" data-id=\"21ee26f\" data-element_type=\"column\">\n\t\t\t<div class=\"elementor-widget-wrap elementor-element-populated\">\n\t\t\t\t\t\t<div class=\"elementor-element elementor-element-1a72b22 no-title sc_fly_static elementor-widget elementor-widget-image\" data-id=\"1a72b22\" data-element_type=\"widget\" data-widget_type=\"image.default\">\n\t\t\t\t<div class=\"elementor-widget-container\">\n\t\t\t\t\t\t\t\t\t\t\t\t\t\t\t<img decoding=\"async\" src=\"https:\/\/www.ii.com.tr\/wp-content\/uploads\/elementor\/thumbs\/coronavirus-covid-19-image-set-banner-concept-prevention-information_31965-13729-r95c88qtc13anh68ku4x11z9kqsgs6uuz8cejf4q2o.avif\" title=\"coronavirus-covid-19-image-set-banner-concept-prevention-information_31965-13729\" alt=\"coronavirus-covid-19-image-set-banner-concept-prevention-information_31965-13729\" loading=\"lazy\" \/>\t\t\t\t\t\t\t\t\t\t\t\t\t\t\t<\/div>\n\t\t\t\t<\/div>\n\t\t\t\t<div class=\"elementor-element elementor-element-546610d sc_height_medium sc_fly_static elementor-widget elementor-widget-spacer\" data-id=\"546610d\" data-element_type=\"widget\" data-widget_type=\"spacer.default\">\n\t\t\t\t<div class=\"elementor-widget-container\">\n\t\t\t\t\t\t\t<div class=\"elementor-spacer\">\n\t\t\t<div class=\"elementor-spacer-inner\"><\/div>\n\t\t<\/div>\n\t\t\t\t\t\t<\/div>\n\t\t\t\t<\/div>\n\t\t\t\t<div class=\"elementor-element elementor-element-c9f80d0 sc_fly_static elementor-widget elementor-widget-text-editor\" data-id=\"c9f80d0\" data-element_type=\"widget\" data-widget_type=\"text-editor.default\">\n\t\t\t\t<div class=\"elementor-widget-container\">\n\t\t\t\t\t\t\t\t\t\u0646\u062d\u0646 \u0641\u064a \u0130stanbul \u0130la\u00e7 \u0646\u0636\u0639 \u0635\u062d\u0629 \u0627\u0644\u0625\u0646\u0633\u0627\u0646 \u0641\u0648\u0642 \u0643\u0644 \u0627\u0639\u062a\u0628\u0627\u0631\u060c \u0648\u0646\u0633\u0639\u0649 \u0644\u062a\u0642\u062f\u064a\u0645 \u0645\u0646\u062a\u062c\u0627\u062a \u0639\u0627\u0644\u064a\u0629 \u0627\u0644\u062c\u0648\u062f\u0629 \u0628\u0631\u0648\u062d \u0627\u0644\u0645\u0633\u0624\u0648\u0644\u064a\u0629. \u0645\u0646 \u062e\u0644\u0627\u0644 \u0645\u0639\u0627\u064a\u064a\u0631 \u0627\u0644\u0625\u0646\u062a\u0627\u062c \u0627\u0644\u0639\u0627\u0644\u064a\u0629\u060c \u0648\u0646\u0647\u062c\u0646\u0627 \u0627\u0644\u0645\u0628\u062a\u0643\u0631\u060c \u0648\u0628\u0646\u064a\u062a\u0646\u0627 \u0627\u0644\u062a\u062d\u062a\u064a\u0629 \u0627\u0644\u0642\u0648\u064a\u0629 \u0641\u064a \u0627\u0644\u0628\u062d\u062b \u0648\u0627\u0644\u062a\u0637\u0648\u064a\u0631\u060c \u0646\u0648\u0627\u0635\u0644 \u0643\u0648\u0646\u0646\u0627 \u0634\u0631\u064a\u0643\u064b\u0627 \u0645\u0648\u062b\u0648\u0642\u064b\u0627 \u0641\u064a \u0642\u0637\u0627\u0639 \u0627\u0644\u0635\u062d\u0629.\n\n\u0628\u0647\u062f\u0641 \u0627\u0644\u0625\u0633\u0647\u0627\u0645 \u0641\u064a \u0645\u0633\u062a\u0642\u0628\u0644 \u0635\u062d\u064a \u0644\u0644\u0645\u062c\u062a\u0645\u0639\u060c \u0646\u0642\u062f\u0645 \u0623\u062f\u0648\u064a\u0629 \u062a\u0646\u0627\u0633\u0628 \u062c\u0645\u064a\u0639 \u0627\u0644\u0641\u0626\u0627\u062a \u0627\u0644\u0639\u0645\u0631\u064a\u0629 \u0645\u0646 \u062e\u0644\u0627\u0644 \u0645\u062c\u0645\u0648\u0639\u0629 \u0648\u0627\u0633\u0639\u0629 \u0645\u0646 \u0627\u0644\u0645\u0646\u062a\u062c\u0627\u062a. \n\u0646\u064f\u0639\u0637\u064a \u0627\u0644\u0623\u0648\u0644\u0648\u064a\u0629 \u0644\u0644\u062c\u0648\u062f\u0629 \u0641\u064a \u062c\u0645\u064a\u0639 \u0645\u0631\u0627\u062d\u0644 \u0627\u0644\u0625\u0646\u062a\u0627\u062c\u060c \u0648\u0646\u0637\u0648\u0651\u0631 \u062d\u0644\u0648\u0644\u0627\u064b \u0642\u0627\u0626\u0645\u0629 \u0639\u0644\u0649 \u0627\u0644\u0628\u064a\u0627\u0646\u0627\u062a \u0627\u0644\u0639\u0644\u0645\u064a\u0629\u060c \u0648\u0646\u062a\u0627\u0628\u0639 \u0623\u062d\u062f\u062b \u0627\u0644\u0627\u0628\u062a\u0643\u0627\u0631\u0627\u062a \u0641\u064a \u0647\u0630\u0627 \u0627\u0644\u0642\u0637\u0627\u0639.\n\n\u062a\u064f\u0639\u0637\u064a \u0130stanbul \u0130la\u00e7 \u0627\u0644\u0623\u0648\u0644\u0648\u064a\u0629 \u062f\u0627\u0626\u0645\u064b\u0627 \u0644\u0631\u0636\u0627 \u0627\u0644\u0639\u0645\u0644\u0627\u0621 \u0648\u0633\u0644\u0627\u0645\u062a\u0647\u0645\u060c \u0648\u062a\u0648\u0627\u0635\u0644 \u0645\u0633\u0627\u0647\u0645\u062a\u0647\u0627 \u0641\u064a \u0635\u062d\u0629 \u0627\u0644\u0645\u062c\u062a\u0645\u0639. \u0645\u0646 \u062e\u0644\u0627\u0644 \u0645\u0639\u0631\u0641\u062a\u0646\u0627 \u0648\u062e\u0628\u0631\u062a\u0646\u0627 \u0641\u064a \u0645\u062c\u0627\u0644 \u0627\u0644\u0635\u062d\u0629\u060c \u0646\u0639\u0645\u0644 \u0641\u064a \u0643\u0644 \u062e\u0637\u0648\u0629 \u0639\u0644\u0649 \u062a\u0642\u062f\u064a\u0645 \u0645\u0646\u062a\u062c\u0627\u062a \u0622\u0645\u0646\u0629 \u0648\u0641\u0639\u0627\u0644\u0629 \u0648\u0639\u0627\u0644\u064a\u0629 \u0627\u0644\u062c\u0648\u062f\u0629.\t\t\t\t\t\t\t\t<\/div>\n\t\t\t\t<\/div>\n\t\t\t\t\t<\/div>\n\t\t<\/div>\n\t\t\t\t\t<\/div>\n\t\t<\/section>\n\t\t\t\t<section class=\"elementor-section elementor-top-section elementor-element elementor-element-4cf3338 elementor-section-boxed elementor-section-height-default elementor-section-height-default sc_fly_static\" data-id=\"4cf3338\" data-element_type=\"section\" data-settings=\"{&quot;background_background&quot;:&quot;classic&quot;}\">\n\t\t\t\t\t\t<div class=\"elementor-container elementor-column-gap-extended\">\n\t\t\t\t\t<div class=\"elementor-column elementor-col-100 elementor-top-column elementor-element elementor-element-8903a00 sc_content_align_inherit sc_layouts_column_icons_position_left sc_fly_static\" data-id=\"8903a00\" data-element_type=\"column\">\n\t\t\t<div class=\"elementor-widget-wrap elementor-element-populated\">\n\t\t\t\t\t\t<div class=\"elementor-element elementor-element-83fc22f sc_height_huge sc_fly_static elementor-widget elementor-widget-spacer\" data-id=\"83fc22f\" data-element_type=\"widget\" data-widget_type=\"spacer.default\">\n\t\t\t\t<div class=\"elementor-widget-container\">\n\t\t\t\t\t\t\t<div class=\"elementor-spacer\">\n\t\t\t<div class=\"elementor-spacer-inner\"><\/div>\n\t\t<\/div>\n\t\t\t\t\t\t<\/div>\n\t\t\t\t<\/div>\n\t\t\t\t\t<\/div>\n\t\t<\/div>\n\t\t\t\t\t<\/div>\n\t\t<\/section>\n\t\t\t\t<\/div>\n\t\t","protected":false},"excerpt":{"rendered":"<p>\u0627\u062e\u062a\u0631 \u0130stanbul \u0130la\u00e7 \u0645\u0646 \u0623\u062c\u0644 \u062d\u064a\u0627\u0629 \u0635\u062d\u064a\u0629\u060c \u0648\u0627\u0636\u0645\u0646 \u0645\u0633\u062a\u0642\u0628\u0644\u0643 \u0628\u0623\u0645\u0627\u0646. \u0646\u062d\u0646 \u0641\u064a \u0130stanbul \u0130la\u00e7 \u0646\u0636\u0639 \u0635\u062d\u0629 \u0627\u0644\u0625\u0646\u0633\u0627\u0646 \u0641\u0648\u0642 \u0643\u0644 \u0627\u0639\u062a\u0628\u0627\u0631\u060c \u0648\u0646\u0633\u0639\u0649 \u0644\u062a\u0642\u062f\u064a\u0645 \u0645\u0646\u062a\u062c\u0627\u062a \u0639\u0627\u0644\u064a\u0629 \u0627\u0644\u062c\u0648\u062f\u0629 \u0628\u0631\u0648\u062d \u0627\u0644\u0645\u0633\u0624\u0648\u0644\u064a\u0629. \u0645\u0646 \u062e\u0644\u0627\u0644 \u0645\u0639\u0627\u064a\u064a\u0631&hellip;<\/p>\n","protected":false},"author":1,"featured_media":0,"parent":0,"menu_order":0,"comment_status":"closed","ping_status":"closed","template":"","meta":{"footnotes":""},"class_list":["post-22638","page","type-page","status-publish","hentry"],"_links":{"self":[{"href":"https:\/\/www.ii.com.tr\/ar\/wp-json\/wp\/v2\/pages\/22638","targetHints":{"allow":["GET"]}}],"collection":[{"href":"https:\/\/www.ii.com.tr\/ar\/wp-json\/wp\/v2\/pages"}],"about":[{"href":"https:\/\/www.ii.com.tr\/ar\/wp-json\/wp\/v2\/types\/page"}],"author":[{"embeddable":true,"href":"https:\/\/www.ii.com.tr\/ar\/wp-json\/wp\/v2\/users\/1"}],"replies":[{"embeddable":true,"href":"https:\/\/www.ii.com.tr\/ar\/wp-json\/wp\/v2\/comments?post=22638"}],"version-history":[{"count":4,"href":"https:\/\/www.ii.com.tr\/ar\/wp-json\/wp\/v2\/pages\/22638\/revisions"}],"predecessor-version":[{"id":22757,"href":"https:\/\/www.ii.com.tr\/ar\/wp-json\/wp\/v2\/pages\/22638\/revisions\/22757"}],"wp:attachment":[{"href":"https:\/\/www.ii.com.tr\/ar\/wp-json\/wp\/v2\/media?parent=22638"}],"curies":[{"name":"wp","href":"https:\/\/api.w.org\/{rel}","templated":true}]}}