{"id":22633,"date":"2025-05-22T09:21:06","date_gmt":"2025-05-22T09:21:06","guid":{"rendered":"https:\/\/www.ii.com.tr\/degerlerimiz\/"},"modified":"2025-05-31T22:08:05","modified_gmt":"2025-05-31T22:08:05","slug":"degerlerimiz","status":"publish","type":"page","link":"https:\/\/www.ii.com.tr\/ar\/degerlerimiz\/","title":{"rendered":"\u0642\u064a\u0645\u0646\u0627"},"content":{"rendered":"\t\t<div data-elementor-type=\"wp-page\" data-elementor-id=\"22633\" class=\"elementor elementor-22633\" data-elementor-post-type=\"page\">\n\t\t\t\t\t\t<section class=\"elementor-section elementor-top-section elementor-element elementor-element-540ab87 scheme_light elementor-section-boxed elementor-section-height-default elementor-section-height-default sc_fly_static\" data-id=\"540ab87\" data-element_type=\"section\" data-settings=\"{&quot;background_background&quot;:&quot;classic&quot;}\">\n\t\t\t\t\t\t\t<div class=\"elementor-background-overlay\"><\/div>\n\t\t\t\t\t\t\t<div class=\"elementor-container elementor-column-gap-extended\">\n\t\t\t\t\t<div class=\"elementor-column elementor-col-100 elementor-top-column elementor-element elementor-element-47ee45e sc_content_align_inherit sc_layouts_column_icons_position_left sc_fly_static\" data-id=\"47ee45e\" data-element_type=\"column\">\n\t\t\t<div class=\"elementor-widget-wrap elementor-element-populated\">\n\t\t\t\t\t\t<div class=\"elementor-element elementor-element-10e1e20 sc_height_huge sc_fly_static elementor-widget elementor-widget-spacer\" data-id=\"10e1e20\" data-element_type=\"widget\" data-widget_type=\"spacer.default\">\n\t\t\t\t<div class=\"elementor-widget-container\">\n\t\t\t\t\t\t\t<div class=\"elementor-spacer\">\n\t\t\t<div class=\"elementor-spacer-inner\"><\/div>\n\t\t<\/div>\n\t\t\t\t\t\t<\/div>\n\t\t\t\t<\/div>\n\t\t\t\t<div class=\"elementor-element elementor-element-61b95a6 sc_layouts_hide_on_notebook sc_layouts_hide_on_tablet sc_layouts_hide_on_mobile sc_fly_static elementor-widget elementor-widget-spacer\" data-id=\"61b95a6\" data-element_type=\"widget\" data-widget_type=\"spacer.default\">\n\t\t\t\t<div class=\"elementor-widget-container\">\n\t\t\t\t\t\t\t<div class=\"elementor-spacer\">\n\t\t\t<div class=\"elementor-spacer-inner\"><\/div>\n\t\t<\/div>\n\t\t\t\t\t\t<\/div>\n\t\t\t\t<\/div>\n\t\t\t\t<section class=\"elementor-section elementor-inner-section elementor-element elementor-element-6a10dc3 elementor-section-boxed elementor-section-height-default elementor-section-height-default sc_fly_static\" data-id=\"6a10dc3\" data-element_type=\"section\">\n\t\t\t\t\t\t<div class=\"elementor-container elementor-column-gap-no\">\n\t\t\t\t\t<div class=\"elementor-column elementor-col-25 elementor-inner-column elementor-element elementor-element-c46bb79 sc_content_align_inherit sc_layouts_column_icons_position_left sc_fly_static\" data-id=\"c46bb79\" data-element_type=\"column\">\n\t\t\t<div class=\"elementor-widget-wrap\">\n\t\t\t\t\t\t\t<\/div>\n\t\t<\/div>\n\t\t\t\t<div class=\"elementor-column elementor-col-50 elementor-inner-column elementor-element elementor-element-46b44bd sc_content_align_inherit sc_layouts_column_icons_position_left sc_fly_static\" data-id=\"46b44bd\" data-element_type=\"column\">\n\t\t\t<div class=\"elementor-widget-wrap elementor-element-populated\">\n\t\t\t\t\t\t<div class=\"elementor-element elementor-element-15ca7b2 sc_fly_static elementor-widget elementor-widget-trx_sc_title\" data-id=\"15ca7b2\" data-element_type=\"widget\" data-widget_type=\"trx_sc_title.default\">\n\t\t\t\t<div class=\"elementor-widget-container\">\n\t\t\t\t\t<div\t\tclass=\"sc_title sc_title_default\" ><h1 class=\"sc_item_title sc_title_title sc_align_center sc_item_title_style_default sc_item_title_tag\"\n\t\t\t><span class=\"sc_item_title_text\">\u0642\u064a\u0645\u0646\u0627<\/span><\/h1><\/div>\t\t\t\t<\/div>\n\t\t\t\t<\/div>\n\t\t\t\t\t<\/div>\n\t\t<\/div>\n\t\t\t\t<div class=\"elementor-column elementor-col-25 elementor-inner-column elementor-element elementor-element-4f34f63 sc_content_align_inherit sc_layouts_column_icons_position_left sc_fly_static\" data-id=\"4f34f63\" data-element_type=\"column\">\n\t\t\t<div class=\"elementor-widget-wrap\">\n\t\t\t\t\t\t\t<\/div>\n\t\t<\/div>\n\t\t\t\t\t<\/div>\n\t\t<\/section>\n\t\t\t\t<section class=\"elementor-section elementor-inner-section elementor-element elementor-element-f182095 elementor-section-boxed elementor-section-height-default elementor-section-height-default sc_fly_static\" data-id=\"f182095\" data-element_type=\"section\">\n\t\t\t\t\t\t<div class=\"elementor-container elementor-column-gap-no\">\n\t\t\t\t\t<div class=\"elementor-column elementor-col-100 elementor-inner-column elementor-element elementor-element-2c34252 sc_content_align_inherit sc_layouts_column_icons_position_left sc_fly_static\" data-id=\"2c34252\" data-element_type=\"column\">\n\t\t\t<div class=\"elementor-widget-wrap elementor-element-populated\">\n\t\t\t\t\t\t<div class=\"elementor-element elementor-element-a44f82f sc_height_small sc_fly_static elementor-widget elementor-widget-spacer\" data-id=\"a44f82f\" data-element_type=\"widget\" data-widget_type=\"spacer.default\">\n\t\t\t\t<div class=\"elementor-widget-container\">\n\t\t\t\t\t\t\t<div class=\"elementor-spacer\">\n\t\t\t<div class=\"elementor-spacer-inner\"><\/div>\n\t\t<\/div>\n\t\t\t\t\t\t<\/div>\n\t\t\t\t<\/div>\n\t\t\t\t\t<\/div>\n\t\t<\/div>\n\t\t\t\t\t<\/div>\n\t\t<\/section>\n\t\t\t\t<section class=\"elementor-section elementor-inner-section elementor-element elementor-element-bae2a66 elementor-section-boxed elementor-section-height-default elementor-section-height-default sc_fly_static\" data-id=\"bae2a66\" data-element_type=\"section\">\n\t\t\t\t\t\t<div class=\"elementor-container elementor-column-gap-no\">\n\t\t\t\t\t<div class=\"elementor-column elementor-col-100 elementor-inner-column elementor-element elementor-element-a980416 sc_content_align_inherit sc_layouts_column_icons_position_left sc_fly_static\" data-id=\"a980416\" data-element_type=\"column\">\n\t\t\t<div class=\"elementor-widget-wrap elementor-element-populated\">\n\t\t\t\t\t\t<div class=\"elementor-element elementor-element-d1906d8 sc_fly_static elementor-widget elementor-widget-trx_sc_icons\" data-id=\"d1906d8\" data-element_type=\"widget\" data-widget_type=\"trx_sc_icons.default\">\n\t\t\t\t<div class=\"elementor-widget-container\">\n\t\t\t\t\t<div \tclass=\"sc_icons color_style_dark sc_icons_divider sc_icons_size_large sc_align_left\" ><div class=\"sc_icons_columns_wrap sc_item_columns trx_addons_columns_wrap columns_padding_bottom\" ><div class=\"trx_addons_column-1_3 trx_addons_column-1_2-mobile\"><div class=\"sc_icons_item\"><div class=\"sc_icons_icon sc_icon_type_ icon-heart-1\" ><span class=\"sc_icon_type_ icon-heart-1\"><\/span><\/div><div class=\"sc_icons_item_details\"><h4 class=\"sc_icons_item_title\"><span>\u0661. \u0627\u062d\u062a\u0631\u0627\u0645 \u0635\u062d\u0629 \u0627\u0644\u0625\u0646\u0633\u0627\u0646<\/span><\/h4><div class=\"sc_icons_item_description\"><span>\u0643\u0644 \u0645\u0646\u062a\u062c \u0646\u0642\u0648\u0645 \u0628\u0625\u0646\u062a\u0627\u062c\u0647 \u064a\u0647\u062f\u0641 \u0625\u0644\u0649 \u062d\u0645\u0627\u064a\u0629 \u0635\u062d\u0629 \u0627\u0644\u0625\u0646\u0633\u0627\u0646 \u0648\u062a\u062d\u0633\u064a\u0646\u0647\u0627. \u0647\u0630\u0647 \u0627\u0644\u0642\u064a\u0645\u0629 \u062a\u0634\u0643\u0644 \u0623\u0633\u0627\u0633 \u062c\u0645\u064a\u0639 \u0639\u0645\u0644\u064a\u0627\u062a\u0646\u0627.<\/span><span><\/span><\/div><\/div><\/div><\/div><div class=\"trx_addons_column-1_3 trx_addons_column-1_2-mobile\"><div class=\"sc_icons_item\"><div class=\"sc_icons_icon sc_icon_type_ icon-certificates\" ><span class=\"sc_icon_type_ icon-certificates\"><\/span><\/div><div class=\"sc_icons_item_details\"><h4 class=\"sc_icons_item_title\"><span>\u0662. \u0627\u0644\u062c\u0648\u062f\u0629 \u0648\u0627\u0644\u062b\u0642\u0629<\/span><\/h4><div class=\"sc_icons_item_description\"><span>\u0646\u064f\u0639\u0637\u064a \u0627\u0644\u0623\u0648\u0644\u0648\u064a\u0629 \u0644\u0644\u062c\u0648\u062f\u0629 \u0648\u0627\u0644\u0633\u0644\u0627\u0645\u0629 \u0641\u064a \u0643\u0644 \u0645\u0631\u062d\u0644\u0629 \u0645\u0646 \u0645\u0631\u0627\u062d\u0644 \u0645\u0646\u062a\u062c\u0627\u062a\u0646\u0627\u060c \u0648\u0646\u062a\u0628\u0639 \u0627\u0644\u0645\u0639\u0627\u064a\u064a\u0631 \u0627\u0644\u062f\u0648\u0644\u064a\u0629 \u0628\u0647\u0630\u0627 \u0627\u0644\u0635\u062f\u062f.<\/span><span><\/span><\/div><\/div><\/div><\/div><div class=\"trx_addons_column-1_3 trx_addons_column-1_2-mobile\"><div class=\"sc_icons_item\"><div class=\"sc_icons_icon sc_icon_type_ trx_addons_icon-chart-line\" ><span class=\"sc_icon_type_ trx_addons_icon-chart-line\"><\/span><\/div><div class=\"sc_icons_item_details\"><h4 class=\"sc_icons_item_title\"><span>\u0663. \u0627\u0644\u0627\u0628\u062a\u0643\u0627\u0631 \u0648\u0627\u0644\u062a\u0637\u0648\u0631 \u0627\u0644\u0645\u0633\u062a\u0645\u0631<\/span><\/h4><div class=\"sc_icons_item_description\"><span>\u0646\u0631\u0643\u0632 \u062f\u0627\u0626\u0645\u064b\u0627 \u0639\u0644\u0649 \u062a\u0637\u0648\u064a\u0631 \u062d\u0644\u0648\u0644 \u0645\u0628\u062a\u0643\u0631\u0629 \u0648\u0639\u0644\u0645\u064a\u0629\u060c \u0648\u0646\u062a\u0627\u0628\u0639 \u0623\u062d\u062f\u062b \u0627\u0644\u062a\u0637\u0648\u0631\u0627\u062a \u0641\u064a \u0627\u0644\u0642\u0637\u0627\u0639.<\/span><span><\/span><\/div><\/div><\/div><\/div><div class=\"trx_addons_column-1_3 trx_addons_column-1_2-mobile\"><div class=\"sc_icons_item\"><div class=\"sc_icons_icon sc_icon_type_ icon-employee\" ><span class=\"sc_icon_type_ icon-employee\"><\/span><\/div><div class=\"sc_icons_item_details\"><h4 class=\"sc_icons_item_title\"><span>\u0664. \u0631\u0636\u0627 \u0627\u0644\u0639\u0645\u0644\u0627\u0621<\/span><\/h4><div class=\"sc_icons_item_description\"><span>\u0646\u0644\u0628\u064a \u062a\u0648\u0642\u0639\u0627\u062a \u0639\u0645\u0644\u0627\u0626\u0646\u0627 \u0628\u0623\u0641\u0636\u0644 \u0637\u0631\u064a\u0642\u0629\u060c \u0648\u0646\u0643\u0633\u0628 \u062b\u0642\u062a\u0647\u0645 \u0644\u0628\u0646\u0627\u0621 \u0639\u0644\u0627\u0642\u0627\u062a \u0639\u0645\u0644 \u0637\u0648\u064a\u0644\u0629 \u0627\u0644\u0623\u0645\u062f.<\/span><span><\/span><\/div><\/div><\/div><\/div><div class=\"trx_addons_column-1_3 trx_addons_column-1_2-mobile\"><div class=\"sc_icons_item\"><div class=\"sc_icons_icon sc_icon_type_ icon-spin4\" ><span class=\"sc_icon_type_ icon-spin4\"><\/span><\/div><div class=\"sc_icons_item_details\"><h4 class=\"sc_icons_item_title\"><span>\u0665. \u0627\u0644\u0627\u0633\u062a\u062f\u0627\u0645\u0629<\/span><\/h4><div class=\"sc_icons_item_description\"><span>\u0646\u062a\u0635\u0631\u0641 \u0628\u0648\u0639\u064a \u0628\u064a\u0626\u064a \u0648\u0627\u062c\u062a\u0645\u0627\u0639\u064a \u0644\u0646\u062a\u0631\u0643 \u0639\u0627\u0644\u0645\u0627\u064b \u0623\u0643\u062b\u0631 \u0635\u062d\u0629 \u0644\u0644\u0623\u062c\u064a\u0627\u0644 \u0627\u0644\u0642\u0627\u062f\u0645\u0629.<\/span><span><\/span><\/div><\/div><\/div><\/div><div class=\"trx_addons_column-1_3 trx_addons_column-1_2-mobile\"><div class=\"sc_icons_item\"><div class=\"sc_icons_icon sc_icon_type_ icon-team\" ><span class=\"sc_icon_type_ icon-team\"><\/span><\/div><div class=\"sc_icons_item_details\"><h4 class=\"sc_icons_item_title\"><span>\u0666. \u0627\u0644\u0639\u0645\u0644 \u0627\u0644\u062c\u0645\u0627\u0639\u064a<\/span><\/h4><div class=\"sc_icons_item_description\"><span>\u0646\u062d\u0642\u0642 \u0627\u0644\u0646\u062c\u0627\u062d \u0645\u0646 \u062e\u0644\u0627\u0644 \u0627\u0644\u062c\u0647\u0648\u062f \u0627\u0644\u0645\u0634\u062a\u0631\u0643\u0629 \u0648\u0627\u0644\u062a\u0639\u0627\u0648\u0646 \u0628\u064a\u0646 \u062c\u0645\u064a\u0639 \u0623\u0639\u0636\u0627\u0621 \u0627\u0644\u0641\u0631\u064a\u0642. \u0643\u0644 \u0645\u0648\u0638\u0641 \u0644\u062f\u064a\u0646\u0627 \u0647\u0648 \u062c\u0632\u0621 \u062b\u0645\u064a\u0646 \u0645\u0646 \u0639\u0627\u0626\u0644\u0629 \u0130stanbul \u0130la\u00e7.<\/span><span><\/span><\/div><\/div><\/div><\/div><\/div><\/div><!-- \/.sc_icons -->\t\t\t\t<\/div>\n\t\t\t\t<\/div>\n\t\t\t\t\t<\/div>\n\t\t<\/div>\n\t\t\t\t\t<\/div>\n\t\t<\/section>\n\t\t\t\t<div class=\"elementor-element elementor-element-fb45810 sc_height_huge sc_fly_static elementor-widget elementor-widget-spacer\" data-id=\"fb45810\" data-element_type=\"widget\" data-widget_type=\"spacer.default\">\n\t\t\t\t<div class=\"elementor-widget-container\">\n\t\t\t\t\t\t\t<div class=\"elementor-spacer\">\n\t\t\t<div class=\"elementor-spacer-inner\"><\/div>\n\t\t<\/div>\n\t\t\t\t\t\t<\/div>\n\t\t\t\t<\/div>\n\t\t\t\t<div class=\"elementor-element elementor-element-5f0a2ee sc_layouts_hide_on_notebook sc_layouts_hide_on_tablet sc_layouts_hide_on_mobile sc_fly_static elementor-widget elementor-widget-spacer\" data-id=\"5f0a2ee\" data-element_type=\"widget\" data-widget_type=\"spacer.default\">\n\t\t\t\t<div class=\"elementor-widget-container\">\n\t\t\t\t\t\t\t<div class=\"elementor-spacer\">\n\t\t\t<div class=\"elementor-spacer-inner\"><\/div>\n\t\t<\/div>\n\t\t\t\t\t\t<\/div>\n\t\t\t\t<\/div>\n\t\t\t\t\t<\/div>\n\t\t<\/div>\n\t\t\t\t\t<\/div>\n\t\t<\/section>\n\t\t\t\t<\/div>\n\t\t","protected":false},"excerpt":{"rendered":"<p>\u0642\u064a\u0645\u0646\u0627 \u0661. \u0627\u062d\u062a\u0631\u0627\u0645 \u0635\u062d\u0629 \u0627\u0644\u0625\u0646\u0633\u0627\u0646 \u0643\u0644 \u0645\u0646\u062a\u062c \u0646\u0642\u0648\u0645 \u0628\u0625\u0646\u062a\u0627\u062c\u0647 \u064a\u0647\u062f\u0641 \u0625\u0644\u0649 \u062d\u0645\u0627\u064a\u0629 \u0635\u062d\u0629 \u0627\u0644\u0625\u0646\u0633\u0627\u0646 \u0648\u062a\u062d\u0633\u064a\u0646\u0647\u0627. \u0647\u0630\u0647 \u0627\u0644\u0642\u064a\u0645\u0629 \u062a\u0634\u0643\u0644 \u0623\u0633\u0627\u0633 \u062c\u0645\u064a\u0639 \u0639\u0645\u0644\u064a\u0627\u062a\u0646\u0627. \u0662. \u0627\u0644\u062c\u0648\u062f\u0629 \u0648\u0627\u0644\u062b\u0642\u0629 \u0646\u064f\u0639\u0637\u064a \u0627\u0644\u0623\u0648\u0644\u0648\u064a\u0629 \u0644\u0644\u062c\u0648\u062f\u0629 \u0648\u0627\u0644\u0633\u0644\u0627\u0645\u0629 \u0641\u064a \u0643\u0644&hellip;<\/p>\n","protected":false},"author":1,"featured_media":0,"parent":0,"menu_order":0,"comment_status":"closed","ping_status":"closed","template":"","meta":{"footnotes":""},"class_list":["post-22633","page","type-page","status-publish","hentry"],"_links":{"self":[{"href":"https:\/\/www.ii.com.tr\/ar\/wp-json\/wp\/v2\/pages\/22633","targetHints":{"allow":["GET"]}}],"collection":[{"href":"https:\/\/www.ii.com.tr\/ar\/wp-json\/wp\/v2\/pages"}],"about":[{"href":"https:\/\/www.ii.com.tr\/ar\/wp-json\/wp\/v2\/types\/page"}],"author":[{"embeddable":true,"href":"https:\/\/www.ii.com.tr\/ar\/wp-json\/wp\/v2\/users\/1"}],"replies":[{"embeddable":true,"href":"https:\/\/www.ii.com.tr\/ar\/wp-json\/wp\/v2\/comments?post=22633"}],"version-history":[{"count":4,"href":"https:\/\/www.ii.com.tr\/ar\/wp-json\/wp\/v2\/pages\/22633\/revisions"}],"predecessor-version":[{"id":22760,"href":"https:\/\/www.ii.com.tr\/ar\/wp-json\/wp\/v2\/pages\/22633\/revisions\/22760"}],"wp:attachment":[{"href":"https:\/\/www.ii.com.tr\/ar\/wp-json\/wp\/v2\/media?parent=22633"}],"curies":[{"name":"wp","href":"https:\/\/api.w.org\/{rel}","templated":true}]}}